{"id":41,"date":"2017-01-30T16:13:33","date_gmt":"2017-01-30T15:13:33","guid":{"rendered":"http:\/\/www.tramin.org\/hauszilli\/?page_id=41"},"modified":"2024-04-05T09:37:31","modified_gmt":"2024-04-05T07:37:31","slug":"kontakt","status":"publish","type":"page","link":"https:\/\/www.tramin.org\/zilli\/kontakt\/","title":{"rendered":"Kontakt"},"content":{"rendered":"<div class=\"wpb-content-wrapper\"><p>[vc_row][vc_column][vc_gallery type=&#8220;flexslider_slide&#8220; interval=&#8220;5&#8243; images=&#8220;328&#8243; img_size=&#8220;1200&#215;450&#8243; onclick=&#8220;&#8220;][\/vc_column][\/vc_row][vc_row][vc_column][vc_column_text]<\/p>\n<h2><span style=\"color: #9a113d;\">Kontaktieren Sie uns!<\/span><\/h2>\n<p>&nbsp;<\/p>\n<p><strong>Zilli Studio Apartments<br \/>\n<\/strong><\/p>\n<p>Familie Geier<br \/>\nA.-Hofer-Stra\u00dfe 22<br \/>\nI- 39040 Tramin an der S\u00fcdtiroler Weinstra\u00dfe<span style=\"color: #000000;\"><br \/>\n<a style=\"color: #000000;\" href=\"tel:+393496175468\">+39 3496175468<\/a><br \/>\n<\/span>z<a href=\"mailto:zilli@tramin.org\"><span style=\"color: #000000;\">illi@tramin.org<\/span><br \/>\n<\/a><\/p>\n<p>&nbsp;<\/p>\n<p><strong>Check-in:<\/strong><br \/>\nAb 16 Uhr oder nach telefonischer Vereinbarung:<br \/>\n+39 349 617 54 68<br \/>\n+39 327 751 98 02<\/p>\n<p>&nbsp;<\/p>\n<p><strong>Check-out:<\/strong><br \/>\nMontag\u2013Sonntag: Bis 10 Uhr[\/vc_column_text][vc_empty_space][vc_gmaps link=&#8220;#E-8_JTNDaWZyYW1lJTIwc3JjJTNEJTIyaHR0cHMlM0ElMkYlMkZ3d3cuZ29vZ2xlLmNvbSUyRm1hcHMlMkZlbWJlZCUzRnBiJTNEJTIxMW0xOCUyMTFtMTIlMjExbTMlMjExZDI3NTQuNTYzMzgxODE0NjY5NCUyMTJkMTEuMjM1NDUzMzE2Mjk2MzU4JTIxM2Q0Ni4zMzgzNjE5NzkxMjA5MjYlMjEybTMlMjExZjAlMjEyZjAlMjEzZjAlMjEzbTIlMjExaTEwMjQlMjEyaTc2OCUyMTRmMTMuMSUyMTNtMyUyMTFtMiUyMTFzMHg0NzgyODE0ZTBiNzI3MzI3JTI1M0EweDM3YWRkODkzYWI4MzkxOTElMjEyc0hhdXMlMkJaaWxsaSUyMTVlMCUyMTNtMiUyMTFzZGUlMjEyc2l0JTIxNHYxNDg1MzA4NDEwNTI0JTIyJTIwd2lkdGglM0QlMjI2MDAlMjIlMjBoZWlnaHQlM0QlMjI0NTAlMjIlMjBmcmFtZWJvcmRlciUzRCUyMjAlMjIlMjBzdHlsZSUzRCUyMmJvcmRlciUzQTAlMjIlMjBhbGxvd2Z1bGxzY3JlZW4lM0UlM0MlMkZpZnJhbWUlM0U=&#8220;][\/vc_column][\/vc_row][vc_row][vc_column][vc_empty_space height=&#8220;70px&#8220;][\/vc_column][\/vc_row]<\/p>\n<\/div>","protected":false},"excerpt":{"rendered":"<p>[vc_row][vc_column][vc_gallery type=&#8220;flexslider_slide&#8220; interval=&#8220;5&#8243; images=&#8220;328&#8243; img_size=&#8220;1200&#215;450&#8243; onclick=&#8220;&#8220;][\/vc_column][\/vc_row][vc_row][vc_column][vc_column_text] Kontaktieren Sie uns! &nbsp; Zilli Studio Apartments Familie Geier A.-Hofer-Stra\u00dfe 22 I- 39040 Tramin an der S\u00fcdtiroler Weinstra\u00dfe +39 3496175468 zilli@tramin.org &nbsp; Check-in: Ab 16 Uhr oder nach telefonischer Vereinbarung: +39 349 617 54 68 +39 327 751 98 [&hellip;]<\/p>\n","protected":false},"author":2,"featured_media":0,"parent":0,"menu_order":0,"comment_status":"closed","ping_status":"open","template":"","meta":{"_acf_changed":false,"footnotes":""},"acf":[],"_links":{"self":[{"href":"https:\/\/www.tramin.org\/zilli\/wp-json\/wp\/v2\/pages\/41"}],"collection":[{"href":"https:\/\/www.tramin.org\/zilli\/wp-json\/wp\/v2\/pages"}],"about":[{"href":"https:\/\/www.tramin.org\/zilli\/wp-json\/wp\/v2\/types\/page"}],"author":[{"embeddable":true,"href":"https:\/\/www.tramin.org\/zilli\/wp-json\/wp\/v2\/users\/2"}],"replies":[{"embeddable":true,"href":"https:\/\/www.tramin.org\/zilli\/wp-json\/wp\/v2\/comments?post=41"}],"version-history":[{"count":86,"href":"https:\/\/www.tramin.org\/zilli\/wp-json\/wp\/v2\/pages\/41\/revisions"}],"predecessor-version":[{"id":1643,"href":"https:\/\/www.tramin.org\/zilli\/wp-json\/wp\/v2\/pages\/41\/revisions\/1643"}],"wp:attachment":[{"href":"https:\/\/www.tramin.org\/zilli\/wp-json\/wp\/v2\/media?parent=41"}],"curies":[{"name":"wp","href":"https:\/\/api.w.org\/{rel}","templated":true}]}}