{"id":32,"date":"2017-01-30T16:09:27","date_gmt":"2017-01-30T15:09:27","guid":{"rendered":"http:\/\/www.tramin.org\/hauszilli\/?page_id=32"},"modified":"2024-04-04T16:21:23","modified_gmt":"2024-04-04T14:21:23","slug":"bike","status":"publish","type":"page","link":"https:\/\/www.tramin.org\/zilli\/bike\/","title":{"rendered":"Bike"},"content":{"rendered":"<div class=\"wpb-content-wrapper\"><p>[vc_row][vc_column][vc_gallery type=&#8220;flexslider_slide&#8220; interval=&#8220;5&#8243; images=&#8220;189&#8243; img_size=&#8220;1200&#215;450&#8243; onclick=&#8220;&#8220;][\/vc_column][\/vc_row][vc_row][vc_column][vc_column_text]<\/p>\n<h2><span style=\"color: #9a113d;\">Fahrradfreundlicher Betrieb<\/span><\/h2>\n<p>&nbsp;<\/p>\n<p>Als Mitglied der Vereinigung \u201eFahrradfreundliche Betriebe\u201c engagieren wir uns f\u00fcr die Entwicklung des Fahrradtourismus.<\/p>\n<p><strong>Daher bieten wir folgenden Leistungen:<\/strong><\/p>\n<p>&#8211; Fahrradst\u00e4nder f\u00fcr den Au\u00dfenbereich<br \/>\n&#8211; Infomappe<br \/>\n&#8211; Montagest\u00e4nder und Werkzeugkoffer f\u00fcr kleinere Reparaturen<br \/>\n&#8211; Abschlie\u00dfbarer Fahrrad-Abstellraum<br \/>\n&#8211; Waschplatz f\u00fcr R\u00e4der<br \/>\n&#8211; Ersatzschlauch, Reparaturset und Flickzeug (gegen Geb\u00fchr)[\/vc_column_text][vc_column_text][\/vc_column_text][\/vc_column][\/vc_row][vc_row][vc_column][vc_empty_space height=&#8220;50px&#8220;][vc_column_text]<\/p>\n<h2><span style=\"color: #9a113d;\">Tipp: Nehmen Sie an der gef\u00fchrten Genussradtour teil!<\/span><\/h2>\n<p>[\/vc_column_text][vc_empty_space height=&#8220;40px&#8220;][\/vc_column][\/vc_row][vc_row][vc_column][vc_column_text]<\/p>\n<div align=\"center\">\n<p style=\"text-align: left;\"><script src=\"https:\/\/player.peer.tv\/js\/0f8a430a5d9b1bbb69cc37974429dc47\/?w=768\" type=\"text\/javascript\"><\/script><a href=\"http:\/\/www.peer.tv\/de\/275\" target=\"_blank\" rel=\"noopener noreferrer\">Genussradtour in Tramin<\/a> auf <a href=\"http:\/\/www.peer.tv\/de\" target=\"_blank\" rel=\"noopener noreferrer\">Peer.tv<\/a><\/p>\n<\/div>\n<p>[\/vc_column_text][vc_empty_space height=&#8220;100px&#8220;][\/vc_column][\/vc_row]<\/p>\n<\/div>","protected":false},"excerpt":{"rendered":"<p>[vc_row][vc_column][vc_gallery type=&#8220;flexslider_slide&#8220; interval=&#8220;5&#8243; images=&#8220;189&#8243; img_size=&#8220;1200&#215;450&#8243; onclick=&#8220;&#8220;][\/vc_column][\/vc_row][vc_row][vc_column][vc_column_text] Fahrradfreundlicher Betrieb &nbsp; Als Mitglied der Vereinigung \u201eFahrradfreundliche Betriebe\u201c engagieren wir uns f\u00fcr die Entwicklung des Fahrradtourismus. Daher bieten wir folgenden Leistungen: &#8211; Fahrradst\u00e4nder f\u00fcr den Au\u00dfenbereich &#8211; Infomappe &#8211; Montagest\u00e4nder und Werkzeugkoffer f\u00fcr kleinere Reparaturen &#8211; Abschlie\u00dfbarer Fahrrad-Abstellraum [&hellip;]<\/p>\n","protected":false},"author":2,"featured_media":0,"parent":0,"menu_order":0,"comment_status":"closed","ping_status":"open","template":"","meta":{"_acf_changed":false,"footnotes":""},"acf":[],"_links":{"self":[{"href":"https:\/\/www.tramin.org\/zilli\/wp-json\/wp\/v2\/pages\/32"}],"collection":[{"href":"https:\/\/www.tramin.org\/zilli\/wp-json\/wp\/v2\/pages"}],"about":[{"href":"https:\/\/www.tramin.org\/zilli\/wp-json\/wp\/v2\/types\/page"}],"author":[{"embeddable":true,"href":"https:\/\/www.tramin.org\/zilli\/wp-json\/wp\/v2\/users\/2"}],"replies":[{"embeddable":true,"href":"https:\/\/www.tramin.org\/zilli\/wp-json\/wp\/v2\/comments?post=32"}],"version-history":[{"count":16,"href":"https:\/\/www.tramin.org\/zilli\/wp-json\/wp\/v2\/pages\/32\/revisions"}],"predecessor-version":[{"id":1593,"href":"https:\/\/www.tramin.org\/zilli\/wp-json\/wp\/v2\/pages\/32\/revisions\/1593"}],"wp:attachment":[{"href":"https:\/\/www.tramin.org\/zilli\/wp-json\/wp\/v2\/media?parent=32"}],"curies":[{"name":"wp","href":"https:\/\/api.w.org\/{rel}","templated":true}]}}