{"id":22,"date":"2017-01-30T16:07:13","date_gmt":"2017-01-30T15:07:13","guid":{"rendered":"http:\/\/www.tramin.org\/hauszilli\/?page_id=22"},"modified":"2024-04-04T16:41:00","modified_gmt":"2024-04-04T14:41:00","slug":"lage","status":"publish","type":"page","link":"https:\/\/www.tramin.org\/zilli\/lage\/","title":{"rendered":"Lage"},"content":{"rendered":"<div class=\"wpb-content-wrapper\"><p>[vc_row][vc_column][vc_gallery type=&#8220;flexslider_slide&#8220; interval=&#8220;5&#8243; images=&#8220;166&#8243; img_size=&#8220;1200&#215;450&#8243; onclick=&#8220;&#8220;][\/vc_column][\/vc_row][vc_row][vc_column][vc_column_text]<\/p>\n<h2><span style=\"color: #9a113e;\">Unsere Lage<\/span><\/h2>\n<p>&nbsp;<\/p>\n<p>Das gesamte Weindorf Tramin ist auf H\u00fcgellage erbaut und erstreckt sich in Nord-S\u00fcd-Richtung. Unser Haus liegt ca. 300 m s\u00fcdlich des Rathausplatzes auf einer Meeresh\u00f6he von 280 m \u2013 inmitten von Weinreben und in einer ausgesprochen ruhigen Lage.<br \/>\nDurch einen alten Torbogen gelangt man \u00fcber einen Hinterhof direkt zu unserem Haus, das \u00fcber einen hauseigenen PKW-, Motorrad- und Fahrradparkplatz verf\u00fcgt.<\/p>\n<p>Die Lage ist \u00e4u\u00dferst g\u00fcnstig. Von allen Studios aus haben Sie einen freien Blick auf das historische Dorfzentrum, das zu Fu\u00df in wenigen Minuten erreichbar ist. Dort finden Sie die ber\u00fchmte Weinkellerei Walch, ein Obst- und Gem\u00fcsefachgesch\u00e4ft, eine B\u00e4ckerei, Restaurants und Buschensch\u00e4nke, sodass Sie bestens versorgt sind.<\/p>\n<p>Auch die \u00f6ffentliche Bushaltestelle ist in wenigen Minuten erreichbar \u2013 so k\u00f6nnen Sie autofrei S\u00fcdtirol erkunden.<\/p>\n<p>[\/vc_column_text][vc_empty_space height=&#8220;35px&#8220;][\/vc_column][\/vc_row][vc_row][vc_column][vc_column_text]Unser Haus befindet sich in einer wunderbaren und sehr ruhigen Lage zwischen dem historischen Dorfzentrum und den Weinbergen. Untenstehend finden Sie den Anfahrtsweg zum Haus Zilli.[\/vc_column_text][\/vc_column][\/vc_row][vc_row][vc_column][vc_empty_space height=&#8220;70px&#8220;][\/vc_column][\/vc_row][vc_row][vc_column][vc_gmaps link=&#8220;#E-8_JTNDaWZyYW1lJTIwc3JjJTNEJTIyaHR0cHMlM0ElMkYlMkZ3d3cuZ29vZ2xlLmNvbSUyRm1hcHMlMkZlbWJlZCUzRnBiJTNEJTIxMW0xOCUyMTFtMTIlMjExbTMlMjExZDI3NTQuNTYzMzgxODE0NjY5NCUyMTJkMTEuMjM1NDUzMzE2Mjk2MzU4JTIxM2Q0Ni4zMzgzNjE5NzkxMjA5MjYlMjEybTMlMjExZjAlMjEyZjAlMjEzZjAlMjEzbTIlMjExaTEwMjQlMjEyaTc2OCUyMTRmMTMuMSUyMTNtMyUyMTFtMiUyMTFzMHg0NzgyODE0ZTBiNzI3MzI3JTI1M0EweDM3YWRkODkzYWI4MzkxOTElMjEyc0hhdXMlMkJaaWxsaSUyMTVlMCUyMTNtMiUyMTFzZGUlMjEyc2l0JTIxNHYxNDg1MzA4NDEwNTI0JTIyJTIwd2lkdGglM0QlMjI2MDAlMjIlMjBoZWlnaHQlM0QlMjI0NTAlMjIlMjBmcmFtZWJvcmRlciUzRCUyMjAlMjIlMjBzdHlsZSUzRCUyMmJvcmRlciUzQTAlMjIlMjBhbGxvd2Z1bGxzY3JlZW4lM0UlM0MlMkZpZnJhbWUlM0U=&#8220; size=&#8220;511&#215;314&#8243;][\/vc_column][\/vc_row][vc_row][vc_column][vc_empty_space height=&#8220;110px&#8220;][\/vc_column][\/vc_row]<\/p>\n<\/div>","protected":false},"excerpt":{"rendered":"<p>[vc_row][vc_column][vc_gallery type=&#8220;flexslider_slide&#8220; interval=&#8220;5&#8243; images=&#8220;166&#8243; img_size=&#8220;1200&#215;450&#8243; onclick=&#8220;&#8220;][\/vc_column][\/vc_row][vc_row][vc_column][vc_column_text] Unsere Lage &nbsp; Das gesamte Weindorf Tramin ist auf H\u00fcgellage erbaut und erstreckt sich in Nord-S\u00fcd-Richtung. Unser Haus liegt ca. 300 m s\u00fcdlich des Rathausplatzes auf einer Meeresh\u00f6he von 280 m \u2013 inmitten von Weinreben und in einer ausgesprochen [&hellip;]<\/p>\n","protected":false},"author":2,"featured_media":0,"parent":0,"menu_order":0,"comment_status":"closed","ping_status":"open","template":"","meta":{"_acf_changed":false,"footnotes":""},"acf":[],"_links":{"self":[{"href":"https:\/\/www.tramin.org\/zilli\/wp-json\/wp\/v2\/pages\/22"}],"collection":[{"href":"https:\/\/www.tramin.org\/zilli\/wp-json\/wp\/v2\/pages"}],"about":[{"href":"https:\/\/www.tramin.org\/zilli\/wp-json\/wp\/v2\/types\/page"}],"author":[{"embeddable":true,"href":"https:\/\/www.tramin.org\/zilli\/wp-json\/wp\/v2\/users\/2"}],"replies":[{"embeddable":true,"href":"https:\/\/www.tramin.org\/zilli\/wp-json\/wp\/v2\/comments?post=22"}],"version-history":[{"count":20,"href":"https:\/\/www.tramin.org\/zilli\/wp-json\/wp\/v2\/pages\/22\/revisions"}],"predecessor-version":[{"id":1599,"href":"https:\/\/www.tramin.org\/zilli\/wp-json\/wp\/v2\/pages\/22\/revisions\/1599"}],"wp:attachment":[{"href":"https:\/\/www.tramin.org\/zilli\/wp-json\/wp\/v2\/media?parent=22"}],"curies":[{"name":"wp","href":"https:\/\/api.w.org\/{rel}","templated":true}]}}