{"id":217,"date":"2017-02-01T08:31:52","date_gmt":"2017-02-01T07:31:52","guid":{"rendered":"http:\/\/www.tramin.org\/hauszilli\/?page_id=217"},"modified":"2024-09-27T19:30:51","modified_gmt":"2024-09-27T17:30:51","slug":"impressum","status":"publish","type":"page","link":"https:\/\/www.tramin.org\/zilli\/impressum\/","title":{"rendered":"Impressum"},"content":{"rendered":"<p><strong>Urheberrechte Fotos:<\/strong><br \/>\n\u00a9 J\u00fcrgen Geier, \u00a9 Tourismusverein Tamin<\/p>\n<p><strong>Erstellung Web:<\/strong><br \/>\nJ\u00fcrgen Geier, A.-Hofer-Str. 22, I-39040 Tramin, Tel. +39 349 6175468<\/p>\n<p><strong>Informationen zur Online-Streitbeilegung gem\u00e4\u00df Art. 14, Abs. 1 der Verordnung (EU) Verordnung (EU) Nr. 524\/2013 \u00fcber Online-Streitbeilegung in Verbraucherangelegenheiten (ODR-Verordnung):<\/strong><\/p>\n<p>Die EU-Kommission hat eine Internetplattform zur Online-Beilegung von Streitigkeiten (&#8222;OS-Plattform&#8220;) bereitgestellt. Die OS-Plattform kann als Anlaufstelle zur au\u00dfergerichtlichen Beilegung von Streitigkeiten aus Online-Kaufvertr\u00e4gen oder Dienstleistungsvertr\u00e4gen dienen. Die OS-Plattform ist unter der Internet-Adresse <a href=\"https:\/\/ec.europa.eu\/consumers\/odr\" target=\"_blank\" rel=\"noopener\">ec.europa.eu\/consumers\/odr<\/a> erreichbar.<\/p>\n<p>CIN: IT021098B4GW65IEJT<\/p>\n","protected":false},"excerpt":{"rendered":"<p>Urheberrechte Fotos: \u00a9 J\u00fcrgen Geier, \u00a9 Tourismusverein Tamin Erstellung Web: J\u00fcrgen Geier, A.-Hofer-Str. 22, I-39040 Tramin, Tel. +39 349 6175468 Informationen zur Online-Streitbeilegung gem\u00e4\u00df Art. 14, Abs. 1 der Verordnung (EU) Verordnung (EU) Nr. 524\/2013 \u00fcber Online-Streitbeilegung in Verbraucherangelegenheiten (ODR-Verordnung): Die EU-Kommission hat eine Internetplattform [&hellip;]<\/p>\n","protected":false},"author":2,"featured_media":0,"parent":0,"menu_order":0,"comment_status":"closed","ping_status":"open","template":"template-dsgvo-impressum.php","meta":{"_acf_changed":false,"footnotes":""},"acf":[],"_links":{"self":[{"href":"https:\/\/www.tramin.org\/zilli\/wp-json\/wp\/v2\/pages\/217"}],"collection":[{"href":"https:\/\/www.tramin.org\/zilli\/wp-json\/wp\/v2\/pages"}],"about":[{"href":"https:\/\/www.tramin.org\/zilli\/wp-json\/wp\/v2\/types\/page"}],"author":[{"embeddable":true,"href":"https:\/\/www.tramin.org\/zilli\/wp-json\/wp\/v2\/users\/2"}],"replies":[{"embeddable":true,"href":"https:\/\/www.tramin.org\/zilli\/wp-json\/wp\/v2\/comments?post=217"}],"version-history":[{"count":16,"href":"https:\/\/www.tramin.org\/zilli\/wp-json\/wp\/v2\/pages\/217\/revisions"}],"predecessor-version":[{"id":1676,"href":"https:\/\/www.tramin.org\/zilli\/wp-json\/wp\/v2\/pages\/217\/revisions\/1676"}],"wp:attachment":[{"href":"https:\/\/www.tramin.org\/zilli\/wp-json\/wp\/v2\/media?parent=217"}],"curies":[{"name":"wp","href":"https:\/\/api.w.org\/{rel}","templated":true}]}}