{"id":1511,"date":"2024-04-04T13:47:10","date_gmt":"2024-04-04T11:47:10","guid":{"rendered":"https:\/\/www.tramin.org\/zilli\/dsgvo\/"},"modified":"2024-04-04T13:51:35","modified_gmt":"2024-04-04T11:51:35","slug":"dsgvo","status":"publish","type":"page","link":"https:\/\/www.tramin.org\/zilli\/dsgvo\/?lang=it","title":{"rendered":"DSGVO"},"content":{"rendered":"<p>Per gestire i cookie e le tecnologie simili utilizzate (pixel di tracciamento, web beacon, ecc.) e i relativi consensi, utilizziamo lo strumento di consenso &#8222;Real Cookie Banner&#8220;. I dettagli sul funzionamento di &#8222;Real Cookie Banner&#8220; sono disponibili all&#8217;indirizzo <a href=\"https:\/\/devowl.io\/rcb\/data-processing\/\" target=\"_blank\" rel=\"noopener noreferrer\">https:\/\/devowl.io\/rcb\/data-processing\/<\/a>.<\/p>\n<p>Le basi giuridiche per il trattamento dei dati personali in questo contesto sono l&#8217;Art. 6 (1) lit. c GDPR e Art. 6 (1) lit. f GDPR. Il nostro interesse legittimo \u00e8 la gestione dei cookie e delle tecnologie simili utilizzate e i relativi consensi.<\/p>\n<p>La fornitura di dati personali non \u00e8 richiesta contrattualmente n\u00e9 necessaria per la conclusione di un contratto. Lei non \u00e8 obbligato a fornire i dati personali. Se non fornisce i dati personali, non saremo in grado di gestire i suoi consensi.<\/p>\n<p>&nbsp;<\/p>\n<button href=\"#consent-change\" id=\"rcb-sc-link-change\" data-success-message=\"\" class=\"rcb-sc-link rcb-sc-link-change \">Modificare le impostazioni della privacy<\/button>\n<button href=\"#consent-history\" id=\"rcb-sc-link-history\" data-success-message=\"\" class=\"rcb-sc-link rcb-sc-link-history \">Cronologia delle impostazioni sulla privacy<\/button>\n<button href=\"#consent-revoke\" id=\"rcb-sc-link-revoke\" data-success-message=\"Lei ha revocato con successo il consenso per i servizi con i suoi cookie e il trattamento dei dati personali. La pagina verr\u00e0 ricaricata ora!\" class=\"rcb-sc-link rcb-sc-link-revoke \">Revocare i consensi<\/button>\n","protected":false},"excerpt":{"rendered":"<p>Per gestire i cookie e le tecnologie simili utilizzate (pixel di tracciamento, web beacon, ecc.) e i relativi consensi, utilizziamo lo strumento di consenso &#8222;Real Cookie Banner&#8220;. I dettagli sul funzionamento di &#8222;Real Cookie Banner&#8220; sono disponibili all&#8217;indirizzo https:\/\/devowl.io\/rcb\/data-processing\/. Le basi giuridiche per il trattamento [&hellip;]<\/p>\n","protected":false},"author":2,"featured_media":0,"parent":0,"menu_order":0,"comment_status":"closed","ping_status":"closed","template":"template-dsgvo.php","meta":{"_acf_changed":false,"footnotes":""},"acf":[],"_links":{"self":[{"href":"https:\/\/www.tramin.org\/zilli\/wp-json\/wp\/v2\/pages\/1511"}],"collection":[{"href":"https:\/\/www.tramin.org\/zilli\/wp-json\/wp\/v2\/pages"}],"about":[{"href":"https:\/\/www.tramin.org\/zilli\/wp-json\/wp\/v2\/types\/page"}],"author":[{"embeddable":true,"href":"https:\/\/www.tramin.org\/zilli\/wp-json\/wp\/v2\/users\/2"}],"replies":[{"embeddable":true,"href":"https:\/\/www.tramin.org\/zilli\/wp-json\/wp\/v2\/comments?post=1511"}],"version-history":[{"count":2,"href":"https:\/\/www.tramin.org\/zilli\/wp-json\/wp\/v2\/pages\/1511\/revisions"}],"predecessor-version":[{"id":1513,"href":"https:\/\/www.tramin.org\/zilli\/wp-json\/wp\/v2\/pages\/1511\/revisions\/1513"}],"wp:attachment":[{"href":"https:\/\/www.tramin.org\/zilli\/wp-json\/wp\/v2\/media?parent=1511"}],"curies":[{"name":"wp","href":"https:\/\/api.w.org\/{rel}","templated":true}]}}